{"id":1170,"date":"2021-08-24T15:18:17","date_gmt":"2021-08-24T15:18:17","guid":{"rendered":"https:\/\/cascinabringin.it\/index.php\/les-taux\/"},"modified":"2025-10-13T18:21:28","modified_gmt":"2025-10-13T18:21:28","slug":"les-taux","status":"publish","type":"page","link":"https:\/\/cascinabringin.it\/index.php\/les-taux\/?lang=fr","title":{"rendered":"Les taux"},"content":{"rendered":"\t\t<div data-elementor-type=\"wp-page\" data-elementor-id=\"1170\" class=\"elementor elementor-1170 elementor-366\">\n\t\t\t\t\t\t<section class=\"elementor-section elementor-top-section elementor-element elementor-element-2a80e53d elementor-section-full_width elementor-section-height-min-height elementor-section-height-default elementor-section-items-middle\" data-id=\"2a80e53d\" data-element_type=\"section\" data-e-type=\"section\" data-settings=\"{&quot;background_background&quot;:&quot;classic&quot;}\">\n\t\t\t\t\t\t\t<div class=\"elementor-background-overlay\"><\/div>\n\t\t\t\t\t\t\t<div class=\"elementor-container elementor-column-gap-default\">\n\t\t\t\t\t<div class=\"elementor-column elementor-col-100 elementor-top-column elementor-element elementor-element-35a8c42\" data-id=\"35a8c42\" data-element_type=\"column\" data-e-type=\"column\">\n\t\t\t<div class=\"elementor-widget-wrap\">\n\t\t\t\t\t\t\t<\/div>\n\t\t<\/div>\n\t\t\t\t\t<\/div>\n\t\t<\/section>\n\t\t\t\t<section class=\"elementor-section elementor-top-section elementor-element elementor-element-6b9c344f elementor-section-boxed elementor-section-height-default elementor-section-height-default\" data-id=\"6b9c344f\" data-element_type=\"section\" data-e-type=\"section\">\n\t\t\t\t\t\t<div class=\"elementor-container elementor-column-gap-default\">\n\t\t\t\t\t<div class=\"elementor-column elementor-col-100 elementor-top-column elementor-element elementor-element-2a91abf7\" data-id=\"2a91abf7\" data-element_type=\"column\" data-e-type=\"column\">\n\t\t\t<div class=\"elementor-widget-wrap elementor-element-populated\">\n\t\t\t\t\t\t<div class=\"elementor-element elementor-element-321fbc79 elementor-invisible elementor-widget elementor-widget-heading\" data-id=\"321fbc79\" data-element_type=\"widget\" data-e-type=\"widget\" data-settings=\"{&quot;_animation&quot;:&quot;zoomIn&quot;}\" data-widget_type=\"heading.default\">\n\t\t\t\t<div class=\"elementor-widget-container\">\n\t\t\t\t\t<h2 class=\"elementor-heading-title elementor-size-default\">Tarifs des chambres et de l'h\u00e9bergement<\/h2>\t\t\t\t<\/div>\n\t\t\t\t<\/div>\n\t\t\t\t<div class=\"elementor-element elementor-element-cf4ba03 elementor-widget elementor-widget-heading\" data-id=\"cf4ba03\" data-element_type=\"widget\" data-e-type=\"widget\" data-widget_type=\"heading.default\">\n\t\t\t\t<div class=\"elementor-widget-container\">\n\t\t\t\t\t<h2 class=\"elementor-heading-title elementor-size-default\">Tarifs des chambres<\/h2>\t\t\t\t<\/div>\n\t\t\t\t<\/div>\n\t\t\t\t<div class=\"elementor-element elementor-element-582dd074 elementor-invisible elementor-widget elementor-widget-text-editor\" data-id=\"582dd074\" data-element_type=\"widget\" data-e-type=\"widget\" data-settings=\"{&quot;_animation&quot;:&quot;zoomIn&quot;}\" data-widget_type=\"text-editor.default\">\n\t\t\t\t<div class=\"elementor-widget-container\">\n\t\t\t\t\t\t\t\t\t<ul><li data-start=\"268\" data-end=\"318\"><p data-start=\"270\" data-end=\"318\"><strong data-start=\"270\" data-end=\"288\">Chambre Stucco<\/strong> \u2013 93 \u20ac la nuit avec petit-d\u00e9jeuner<\/p><\/li><li data-start=\"319\" data-end=\"368\"><p data-start=\"321\" data-end=\"368\"><strong data-start=\"321\" data-end=\"338\">Chambre Chemin\u00e9e<\/strong> \u2013 93 \u20ac la nuit avec petit-d\u00e9jeuner<\/p><\/li><li data-start=\"369\" data-end=\"430\"><p data-start=\"371\" data-end=\"430\"><strong data-start=\"371\" data-end=\"400\">Chambre double \u00e0 usage individuel<\/strong> \u2013 70 \u20ac la nuit avec petit-d\u00e9jeuner<\/p><\/li><li data-start=\"431\" data-end=\"469\"><p data-start=\"433\" data-end=\"469\"><strong data-start=\"433\" data-end=\"453\">Lit suppl\u00e9mentaire<\/strong> \u2013 30 \u20ac par nuit<\/p><\/li><li data-start=\"470\" data-end=\"562\"><p data-start=\"472\" data-end=\"562\"><strong data-start=\"472\" data-end=\"496\">S\u00e9jours prolong\u00e9s<\/strong> \u2013 sur demande, <strong data-start=\"513\" data-end=\"560\">contactez-nous pour un devis personnalis\u00e9<\/strong><\/p><\/li><\/ul><p data-start=\"472\" data-end=\"562\">Pendant la saison froide, le chauffage avec un po\u00eale \u00e0 granul\u00e9s est calcul\u00e9 \u00e0 la consommation (6 \u20ac le sac de 15 kg).<\/p>\t\t\t\t\t\t\t\t<\/div>\n\t\t\t\t<\/div>\n\t\t\t\t\t<\/div>\n\t\t<\/div>\n\t\t\t\t\t<\/div>\n\t\t<\/section>\n\t\t\t\t<section class=\"elementor-section elementor-top-section elementor-element elementor-element-8e5dcfa elementor-section-boxed elementor-section-height-default elementor-section-height-default\" data-id=\"8e5dcfa\" data-element_type=\"section\" data-e-type=\"section\">\n\t\t\t\t\t\t<div class=\"elementor-container elementor-column-gap-default\">\n\t\t\t\t\t<div class=\"elementor-column elementor-col-100 elementor-top-column elementor-element elementor-element-0fa98e5\" data-id=\"0fa98e5\" data-element_type=\"column\" data-e-type=\"column\">\n\t\t\t<div class=\"elementor-widget-wrap elementor-element-populated\">\n\t\t\t\t\t\t<div class=\"elementor-element elementor-element-c3565a0 elementor-widget elementor-widget-heading\" data-id=\"c3565a0\" data-element_type=\"widget\" data-e-type=\"widget\" data-widget_type=\"heading.default\">\n\t\t\t\t<div class=\"elementor-widget-container\">\n\t\t\t\t\t<h2 class=\"elementor-heading-title elementor-size-default\">Tarifs d'h\u00e9bergement<\/h2>\t\t\t\t<\/div>\n\t\t\t\t<\/div>\n\t\t\t\t<div class=\"elementor-element elementor-element-1c3938e elementor-invisible elementor-widget elementor-widget-text-editor\" data-id=\"1c3938e\" data-element_type=\"widget\" data-e-type=\"widget\" data-settings=\"{&quot;_animation&quot;:&quot;zoomIn&quot;}\" data-widget_type=\"text-editor.default\">\n\t\t\t\t<div class=\"elementor-widget-container\">\n\t\t\t\t\t\t\t\t\t<p><strong data-start=\"607\" data-end=\"627\">Logement Attic et Cascina Bringin<\/strong> &#8211; 420 \u20ac par semaine<br data-start=\"627\" data-end=\"630\"> <em data-start=\"632\" data-end=\"661\">Le petit d\u00e9jeuner n&#8217;est pas compris.<\/em><br data-start=\"661\" data-end=\"664\"> Pour des s\u00e9jours courts ou sur mesure <strong data-start=\"703\" data-end=\"730\">, contactez l&#8217;\u00e9tablissement<\/strong> .<br> Pendant la saison froide, le chauffage avec un po\u00eale \u00e0 granul\u00e9s est calcul\u00e9 \u00e0 la consommation (6 \u20ac le sac de 15 kg).<\/p>\t\t\t\t\t\t\t\t<\/div>\n\t\t\t\t<\/div>\n\t\t\t\t\t<\/div>\n\t\t<\/div>\n\t\t\t\t\t<\/div>\n\t\t<\/section>\n\t\t\t\t<section class=\"elementor-section elementor-top-section elementor-element elementor-element-d6f9e2e elementor-section-boxed elementor-section-height-default elementor-section-height-default\" data-id=\"d6f9e2e\" data-element_type=\"section\" data-e-type=\"section\">\n\t\t\t\t\t\t<div class=\"elementor-container elementor-column-gap-default\">\n\t\t\t\t\t<div class=\"elementor-column elementor-col-100 elementor-top-column elementor-element elementor-element-11c2e88\" data-id=\"11c2e88\" data-element_type=\"column\" data-e-type=\"column\">\n\t\t\t<div class=\"elementor-widget-wrap elementor-element-populated\">\n\t\t\t\t\t\t<div class=\"elementor-element elementor-element-c67fa7b elementor-widget elementor-widget-heading\" data-id=\"c67fa7b\" data-element_type=\"widget\" data-e-type=\"widget\" data-widget_type=\"heading.default\">\n\t\t\t\t<div class=\"elementor-widget-container\">\n\t\t\t\t\t<h2 class=\"elementor-heading-title elementor-size-default\">Offre week-end<\/h2>\t\t\t\t<\/div>\n\t\t\t\t<\/div>\n\t\t\t\t<div class=\"elementor-element elementor-element-72e1fed elementor-invisible elementor-widget elementor-widget-text-editor\" data-id=\"72e1fed\" data-element_type=\"widget\" data-e-type=\"widget\" data-settings=\"{&quot;_animation&quot;:&quot;zoomIn&quot;}\" data-widget_type=\"text-editor.default\">\n\t\t\t\t<div class=\"elementor-widget-container\">\n\t\t\t\t\t\t\t\t\t<p data-start=\"761\" data-end=\"833\"><strong data-start=\"761\" data-end=\"810\">2 nuits pour 2 personnes (du vendredi au dimanche)<\/strong><br data-start=\"810\" data-end=\"813\"> 170 \u20ac avec petit-d\u00e9jeuner<\/p>\t\t\t\t\t\t\t\t<\/div>\n\t\t\t\t<\/div>\n\t\t\t\t<div class=\"elementor-element elementor-element-d6021a9 elementor-invisible elementor-widget elementor-widget-text-editor\" data-id=\"d6021a9\" data-element_type=\"widget\" data-e-type=\"widget\" data-settings=\"{&quot;_animation&quot;:&quot;zoomIn&quot;}\" data-widget_type=\"text-editor.default\">\n\t\t\t\t<div class=\"elementor-widget-container\">\n\t\t\t\t\t\t\t\t\t<p>D\u00e9couvrez toutes les dates disponibles !<\/p>\t\t\t\t\t\t\t\t<\/div>\n\t\t\t\t<\/div>\n\t\t\t\t<div class=\"elementor-element elementor-element-19112b7 elementor-align-center elementor-invisible elementor-widget elementor-widget-button\" data-id=\"19112b7\" data-element_type=\"widget\" data-e-type=\"widget\" data-settings=\"{&quot;_animation&quot;:&quot;zoomIn&quot;}\" data-widget_type=\"button.default\">\n\t\t\t\t<div class=\"elementor-widget-container\">\n\t\t\t\t\t\t\t\t\t<div class=\"elementor-button-wrapper\">\n\t\t\t\t\t<a class=\"elementor-button elementor-button-link elementor-size-md\" href=\"https:\/\/cascinabringin.it\/index.php\/contatti\/\">\n\t\t\t\t\t\t<span class=\"elementor-button-content-wrapper\">\n\t\t\t\t\t\t\t\t\t<span class=\"elementor-button-text\">NOUS CONTACTER<\/span>\n\t\t\t\t\t<\/span>\n\t\t\t\t\t<\/a>\n\t\t\t\t<\/div>\n\t\t\t\t\t\t\t\t<\/div>\n\t\t\t\t<\/div>\n\t\t\t\t\t<\/div>\n\t\t<\/div>\n\t\t\t\t\t<\/div>\n\t\t<\/section>\n\t\t\t\t<\/div>\n\t\t","protected":false},"excerpt":{"rendered":"<p>Tarifs des chambres et de l&#8217;h\u00e9bergement Tarifs des chambres Chambre Stucco \u2013 93 \u20ac la nuit avec petit-d\u00e9jeuner Chambre Chemin\u00e9e \u2013 93 \u20ac la nuit avec petit-d\u00e9jeuner Chambre double \u00e0 usage individuel \u2013 70 \u20ac la nuit avec petit-d\u00e9jeuner Lit suppl\u00e9mentaire \u2013 30 \u20ac par nuit S\u00e9jours prolong\u00e9s \u2013 sur demande, contactez-nous pour un devis [&hellip;]<\/p>\n","protected":false},"author":3,"featured_media":0,"parent":0,"menu_order":0,"comment_status":"closed","ping_status":"closed","template":"elementor_header_footer","meta":{"_monsterinsights_skip_tracking":false,"_monsterinsights_sitenote_active":false,"_monsterinsights_sitenote_note":"","_monsterinsights_sitenote_category":0,"_glsr_average":0,"_glsr_ranking":0,"_glsr_reviews":0,"footnotes":""},"class_list":["post-1170","page","type-page","status-publish","hentry"],"aioseo_notices":[],"yoast_head":"<!-- This site is optimized with the Yoast SEO plugin v27.3 - https:\/\/yoast.com\/product\/yoast-seo-wordpress\/ -->\n<title>Les taux - Cascina Bringin<\/title>\n<meta name=\"robots\" content=\"index, follow, max-snippet:-1, max-image-preview:large, max-video-preview:-1\" \/>\n<link rel=\"canonical\" href=\"https:\/\/cascinabringin.it\/index.php\/les-taux\/?lang=fr\" \/>\n<meta property=\"og:locale\" content=\"it_IT\" \/>\n<meta property=\"og:type\" content=\"article\" \/>\n<meta property=\"og:title\" content=\"Les taux - Cascina Bringin\" \/>\n<meta property=\"og:description\" content=\"Tarifs des chambres et de l&#8217;h\u00e9bergement Tarifs des chambres Chambre Stucco \u2013 93 \u20ac la nuit avec petit-d\u00e9jeuner Chambre Chemin\u00e9e \u2013 93 \u20ac la nuit avec petit-d\u00e9jeuner Chambre double \u00e0 usage individuel \u2013 70 \u20ac la nuit avec petit-d\u00e9jeuner Lit suppl\u00e9mentaire \u2013 30 \u20ac par nuit S\u00e9jours prolong\u00e9s \u2013 sur demande, contactez-nous pour un devis [&hellip;]\" \/>\n<meta property=\"og:url\" content=\"https:\/\/cascinabringin.it\/index.php\/les-taux\/?lang=fr\" \/>\n<meta property=\"og:site_name\" content=\"Cascina Bringin\" \/>\n<meta property=\"article:modified_time\" content=\"2025-10-13T18:21:28+00:00\" \/>\n<meta name=\"twitter:card\" content=\"summary_large_image\" \/>\n<meta name=\"twitter:label1\" content=\"Tempo di lettura stimato\" \/>\n\t<meta name=\"twitter:data1\" content=\"1 minuto\" \/>\n<script type=\"application\/ld+json\" class=\"yoast-schema-graph\">{\"@context\":\"https:\\\/\\\/schema.org\",\"@graph\":[{\"@type\":\"WebPage\",\"@id\":\"https:\\\/\\\/cascinabringin.it\\\/index.php\\\/les-taux\\\/?lang=fr\",\"url\":\"https:\\\/\\\/cascinabringin.it\\\/index.php\\\/les-taux\\\/?lang=fr\",\"name\":\"Les taux - Cascina Bringin\",\"isPartOf\":{\"@id\":\"https:\\\/\\\/cascinabringin.it\\\/#website\"},\"datePublished\":\"2021-08-24T15:18:17+00:00\",\"dateModified\":\"2025-10-13T18:21:28+00:00\",\"breadcrumb\":{\"@id\":\"https:\\\/\\\/cascinabringin.it\\\/index.php\\\/les-taux\\\/?lang=fr#breadcrumb\"},\"inLanguage\":\"it-IT\",\"potentialAction\":[{\"@type\":\"ReadAction\",\"target\":[\"https:\\\/\\\/cascinabringin.it\\\/index.php\\\/les-taux\\\/?lang=fr\"]}]},{\"@type\":\"BreadcrumbList\",\"@id\":\"https:\\\/\\\/cascinabringin.it\\\/index.php\\\/les-taux\\\/?lang=fr#breadcrumb\",\"itemListElement\":[{\"@type\":\"ListItem\",\"position\":1,\"name\":\"Home\",\"item\":\"https:\\\/\\\/cascinabringin.it\\\/\"},{\"@type\":\"ListItem\",\"position\":2,\"name\":\"Les taux\"}]},{\"@type\":\"WebSite\",\"@id\":\"https:\\\/\\\/cascinabringin.it\\\/#website\",\"url\":\"https:\\\/\\\/cascinabringin.it\\\/\",\"name\":\"Cascina Bringin\",\"description\":\"\",\"publisher\":{\"@id\":\"https:\\\/\\\/cascinabringin.it\\\/#organization\"},\"potentialAction\":[{\"@type\":\"SearchAction\",\"target\":{\"@type\":\"EntryPoint\",\"urlTemplate\":\"https:\\\/\\\/cascinabringin.it\\\/?s={search_term_string}\"},\"query-input\":{\"@type\":\"PropertyValueSpecification\",\"valueRequired\":true,\"valueName\":\"search_term_string\"}}],\"inLanguage\":\"it-IT\"},{\"@type\":\"Organization\",\"@id\":\"https:\\\/\\\/cascinabringin.it\\\/#organization\",\"name\":\"Cascina Bringin\",\"url\":\"https:\\\/\\\/cascinabringin.it\\\/\",\"logo\":{\"@type\":\"ImageObject\",\"inLanguage\":\"it-IT\",\"@id\":\"https:\\\/\\\/cascinabringin.it\\\/#\\\/schema\\\/logo\\\/image\\\/\",\"url\":\"https:\\\/\\\/cascinabringin.it\\\/wp-content\\\/uploads\\\/2021\\\/08\\\/cropped-CascinaBringinLogo-1.png\",\"contentUrl\":\"https:\\\/\\\/cascinabringin.it\\\/wp-content\\\/uploads\\\/2021\\\/08\\\/cropped-CascinaBringinLogo-1.png\",\"width\":242,\"height\":96,\"caption\":\"Cascina Bringin\"},\"image\":{\"@id\":\"https:\\\/\\\/cascinabringin.it\\\/#\\\/schema\\\/logo\\\/image\\\/\"}}]}<\/script>\n<!-- \/ Yoast SEO plugin. -->","yoast_head_json":{"title":"Les taux - Cascina Bringin","robots":{"index":"index","follow":"follow","max-snippet":"max-snippet:-1","max-image-preview":"max-image-preview:large","max-video-preview":"max-video-preview:-1"},"canonical":"https:\/\/cascinabringin.it\/index.php\/les-taux\/?lang=fr","og_locale":"it_IT","og_type":"article","og_title":"Les taux - Cascina Bringin","og_description":"Tarifs des chambres et de l&#8217;h\u00e9bergement Tarifs des chambres Chambre Stucco \u2013 93 \u20ac la nuit avec petit-d\u00e9jeuner Chambre Chemin\u00e9e \u2013 93 \u20ac la nuit avec petit-d\u00e9jeuner Chambre double \u00e0 usage individuel \u2013 70 \u20ac la nuit avec petit-d\u00e9jeuner Lit suppl\u00e9mentaire \u2013 30 \u20ac par nuit S\u00e9jours prolong\u00e9s \u2013 sur demande, contactez-nous pour un devis [&hellip;]","og_url":"https:\/\/cascinabringin.it\/index.php\/les-taux\/?lang=fr","og_site_name":"Cascina Bringin","article_modified_time":"2025-10-13T18:21:28+00:00","twitter_card":"summary_large_image","twitter_misc":{"Tempo di lettura stimato":"1 minuto"},"schema":{"@context":"https:\/\/schema.org","@graph":[{"@type":"WebPage","@id":"https:\/\/cascinabringin.it\/index.php\/les-taux\/?lang=fr","url":"https:\/\/cascinabringin.it\/index.php\/les-taux\/?lang=fr","name":"Les taux - Cascina Bringin","isPartOf":{"@id":"https:\/\/cascinabringin.it\/#website"},"datePublished":"2021-08-24T15:18:17+00:00","dateModified":"2025-10-13T18:21:28+00:00","breadcrumb":{"@id":"https:\/\/cascinabringin.it\/index.php\/les-taux\/?lang=fr#breadcrumb"},"inLanguage":"it-IT","potentialAction":[{"@type":"ReadAction","target":["https:\/\/cascinabringin.it\/index.php\/les-taux\/?lang=fr"]}]},{"@type":"BreadcrumbList","@id":"https:\/\/cascinabringin.it\/index.php\/les-taux\/?lang=fr#breadcrumb","itemListElement":[{"@type":"ListItem","position":1,"name":"Home","item":"https:\/\/cascinabringin.it\/"},{"@type":"ListItem","position":2,"name":"Les taux"}]},{"@type":"WebSite","@id":"https:\/\/cascinabringin.it\/#website","url":"https:\/\/cascinabringin.it\/","name":"Cascina Bringin","description":"","publisher":{"@id":"https:\/\/cascinabringin.it\/#organization"},"potentialAction":[{"@type":"SearchAction","target":{"@type":"EntryPoint","urlTemplate":"https:\/\/cascinabringin.it\/?s={search_term_string}"},"query-input":{"@type":"PropertyValueSpecification","valueRequired":true,"valueName":"search_term_string"}}],"inLanguage":"it-IT"},{"@type":"Organization","@id":"https:\/\/cascinabringin.it\/#organization","name":"Cascina Bringin","url":"https:\/\/cascinabringin.it\/","logo":{"@type":"ImageObject","inLanguage":"it-IT","@id":"https:\/\/cascinabringin.it\/#\/schema\/logo\/image\/","url":"https:\/\/cascinabringin.it\/wp-content\/uploads\/2021\/08\/cropped-CascinaBringinLogo-1.png","contentUrl":"https:\/\/cascinabringin.it\/wp-content\/uploads\/2021\/08\/cropped-CascinaBringinLogo-1.png","width":242,"height":96,"caption":"Cascina Bringin"},"image":{"@id":"https:\/\/cascinabringin.it\/#\/schema\/logo\/image\/"}}]}},"_links":{"self":[{"href":"https:\/\/cascinabringin.it\/index.php\/wp-json\/wp\/v2\/pages\/1170","targetHints":{"allow":["GET"]}}],"collection":[{"href":"https:\/\/cascinabringin.it\/index.php\/wp-json\/wp\/v2\/pages"}],"about":[{"href":"https:\/\/cascinabringin.it\/index.php\/wp-json\/wp\/v2\/types\/page"}],"author":[{"embeddable":true,"href":"https:\/\/cascinabringin.it\/index.php\/wp-json\/wp\/v2\/users\/3"}],"replies":[{"embeddable":true,"href":"https:\/\/cascinabringin.it\/index.php\/wp-json\/wp\/v2\/comments?post=1170"}],"version-history":[{"count":34,"href":"https:\/\/cascinabringin.it\/index.php\/wp-json\/wp\/v2\/pages\/1170\/revisions"}],"predecessor-version":[{"id":3699,"href":"https:\/\/cascinabringin.it\/index.php\/wp-json\/wp\/v2\/pages\/1170\/revisions\/3699"}],"wp:attachment":[{"href":"https:\/\/cascinabringin.it\/index.php\/wp-json\/wp\/v2\/media?parent=1170"}],"curies":[{"name":"wp","href":"https:\/\/api.w.org\/{rel}","templated":true}]}}