{"id":3,"date":"2021-08-09T13:18:45","date_gmt":"2021-08-09T13:18:45","guid":{"rendered":"https:\/\/cascinabringin.it\/?page_id=3"},"modified":"2021-08-23T09:39:06","modified_gmt":"2021-08-23T09:39:06","slug":"privacy-policy","status":"publish","type":"page","link":"https:\/\/cascinabringin.it\/index.php\/privacy-policy\/","title":{"rendered":"Privacy Policy"},"content":{"rendered":"\t\t<div data-elementor-type=\"wp-page\" data-elementor-id=\"3\" class=\"elementor elementor-3\" data-elementor-post-type=\"page\">\n\t\t\t\t\t\t<section class=\"elementor-section elementor-top-section elementor-element elementor-element-6b2f9ca7 elementor-section-boxed elementor-section-height-default elementor-section-height-default\" data-id=\"6b2f9ca7\" data-element_type=\"section\" data-e-type=\"section\">\n\t\t\t\t\t\t<div class=\"elementor-container elementor-column-gap-default\">\n\t\t\t\t\t<div class=\"elementor-column elementor-col-100 elementor-top-column elementor-element elementor-element-4d0335fa\" data-id=\"4d0335fa\" data-element_type=\"column\" data-e-type=\"column\">\n\t\t\t<div class=\"elementor-widget-wrap elementor-element-populated\">\n\t\t\t\t\t\t<div class=\"elementor-element elementor-element-6afb883 elementor-widget elementor-widget-heading\" data-id=\"6afb883\" data-element_type=\"widget\" data-e-type=\"widget\" data-widget_type=\"heading.default\">\n\t\t\t\t<div class=\"elementor-widget-container\">\n\t\t\t\t\t<h2 class=\"elementor-heading-title elementor-size-default\">Privacy Policy<\/h2>\t\t\t\t<\/div>\n\t\t\t\t<\/div>\n\t\t\t\t<div class=\"elementor-element elementor-element-22e861e1 elementor-widget elementor-widget-text-editor\" data-id=\"22e861e1\" data-element_type=\"widget\" data-e-type=\"widget\" data-widget_type=\"text-editor.default\">\n\t\t\t\t<div class=\"elementor-widget-container\">\n\t\t\t\t\t\t\t\t\t\n<h2 class=\"wp-block-heading\">Titolare del trattamento<\/h2>\n\n\n\n<p>Il Titolare del trattamento \u00e8 Beppino Bergamaschi presso Str. del Racchetto, 8, 12084 Mondov\u00ec CN<\/p>\n\n\n\n<h2 class=\"wp-block-heading\">Oggetto del trattamento<\/h2>\n\n\n\n<p>Il Titolare tratta tutti i dati personali da Lei forniti in occasione di qualsivoglia contatto con lo studio, anche prima di ricevere formale incarico.&nbsp;<\/p>\n\n\n\n<p>Ove il soggetto che conferisce i dati abbia et\u00e0 inferiore ai 16 anni, il trattamento \u00e8 lecito se e nella misura in cui il consenso \u00e8 prestato o autorizzato dal titolare della responsabilit\u00e0 genitoriale per il quale sono acquisiti i dati identificativi e copia di documento di riconoscimento.<\/p>\n\n\n\n<h2 class=\"wp-block-heading\">Finalit\u00e0 del trattamento<\/h2>\n\n\n\n<p>Il trattamento dei dati personali da Lei forniti \u00e8 finalizzato alla corretta e completa esecuzione dell\u2019incarico ricevuto, all\u2019adempimento dei necessari obblighi fiscali derivanti dall\u2019incarico in essere nonch\u00e9 all\u2019adempimento degli obblighi previsti da legge, regolamento, normativa comunitaria o da ordine dell\u2019Autorit\u00e0.<\/p>\n\n\n\n<p>Per le suddette finalit\u00e0 i dati personali sono trattati senza il consenso espresso (art. 6 lettere b) e) GDPR).<\/p>\n\n\n\n<h2 class=\"wp-block-heading\">Modalit\u00e0 di trattamento e conservazione<\/h2>\n\n\n\n<p>I dati personali sono sottoposti a trattamento sia cartaceo che elettronico e\/o automatizzato, nel rispetto di quanto previsto dall\u2019art. 32 del GDPR 2016\/679 e in materia di misure di sicurezza ed in ottemperanza a quanto previsto dall\u2019art. 29 GDPR 2016\/ 679.<\/p>\n\n\n\n<p>Il trattamento \u00e8 realizzato per mezzo delle operazioni dell\u2019art. 4 GDPR 2016\/679 e precisamente: raccolta, registrazione, organizzazione, conservazione, consultazione, elaborazione, modificazione, selezione, estrazione, raffronto, utilizzo, interconnessione, blocco, comunicazione, cancellazione e distruzione dei dati. &nbsp; &nbsp;<\/p>\n\n\n\n<p>Nel rispetto dei principi di liceit\u00e0, limitazione delle finalit\u00e0 e minimizzazione dei dati, ai sensi dell\u2019art. 5 GDPR 2016\/679, previo il Suo consenso libero ed esplicito espresso in calce alla presente informativa, i Suoi dati personali saranno conservati per il periodo di tempo necessario al conseguimento delle finalit\u00e0 del trattamento e comunque per non oltre 10 anni dalla cessazione del rapporto.<\/p>\n\n\n\n<h2 class=\"wp-block-heading\">Conferimento dei dati<\/h2>\n\n\n\n<p>Il conferimento dei dati personali comuni, sensibili e giudiziari \u00e8 strettamente necessario ai fini dello svolgimento delle attivit\u00e0 indicate nella finalit\u00e0 di trattamento.<\/p>\n\n\n\n<p>Rifiuto di conferimento dei dati<\/p>\n\n\n\n<p>Il rifiuto di conferire i dati comporta l\u2019impossibilit\u00e0 di adempiere alle attivit\u00e0 indicate nella finalit\u00e0 di trattamento.&nbsp;<\/p>\n\n\n\n<h2 class=\"wp-block-heading\">Accesso ai dati&nbsp;<\/h2>\n\n\n\n<p>I dati personali possono essere resi accessibili ai sensi delle finalit\u00e0 di trattamento a dipendenti e collaboratori esterni del Titolare nella loro qualit\u00e0 di incaricati e\/o responsabili interni del trattamento e\/o amministratori di sistema e, in generale, a tutti quei soggetti pubblici e privati cui la comunicazione sia necessaria e\/o obbligatoria per il corretto adempimento delle finalit\u00e0 medesime.<\/p>\n\n\n\n<p>(l\u2019elenco di detti soggetti \u00e8 visibile sul sito\u00a0<a href=\"http:\/\/www.cascinabringin.it\/\">www.cascinabringin.it<\/a>\u00a0al link\u00a0\u00a0<a href=\"http:\/\/www.cascinabringin.it\/privacy-policy\">www.cascinabringin.it<\/a>\/privacy-policy).<\/p>\n\n\n\n<p>Detti soggetti tratteranno i dati nella loro qualit\u00e0 di autonomi titolari del trattamento.<\/p>\n\n\n\n<h2 class=\"wp-block-heading\">Diffusione dei dati&nbsp;<\/h2>\n\n\n\n<p>I dati personali non sono soggetti a diffusione.<\/p>\n\n\n\n<p>Trasferimento dei dati personali<\/p>\n\n\n\n<p>I suoi dati potrebbero essere trasferiti in Stati membri dell\u2019Unione Europea ed in Paesi terzi non appartenenti all\u2019Unione Europea.<\/p>\n\n\n\n<h2 class=\"wp-block-heading\">Categorie particolari di dati personali<\/h2>\n\n\n\n<p>Ai sensi degli artt. 9 e 10 GDPR 2016\/679, Lei potrebbe conferire allo studio dati qualificabili come \u201ccategorie particolari di dati personali\u201d e cio\u00e8 quei dati che rivelano \u201c<em>l\u2019origine razziale o etnica, le opinioni politiche, le convinzioni religiose o filosofiche, o l\u2019appartenenza sindacale, nonch\u00e9 dati genetici, dati biometrici intesi a identificare in modo univoco una persona fisica, dati relativi alla salute o alla vita sessuale o all\u2019orientamento sessuale della persona<\/em>\u201d. Tali categorie di dati potranno essere trattate solo previo Suo libero ed esplicito consenso, manifestato in forma scritta in calce alla presente informativa oppure tramite consenso digitale sul sito\u00a0<a href=\"http:\/\/www.cascinabringin.it\/privacy-policy\">www.cascinabringin.it\/privacy-policy<\/a>.<\/p>\n\n\n\n<h2 class=\"wp-block-heading\">Esistenza di un processo decisionale automatizzato&nbsp;<\/h2>\n\n\n\n<p>Cascina Bringin non adotta alcun processo decisionale automatizzato, compresa la profilazione, di cui all\u2019art. 22, paragrafi 1 e 4, del GDPR 2016\/679.<\/p>\n\n\n\n<h2 class=\"wp-block-heading\">Diritti dell\u2019interessato<\/h2>\n\n\n\n<p>In ogni momento, Lei potr\u00e0 esercitare, ai sensi degli artt. dal 15 al 22 del GDPR 2016\/679, i seguenti diritti:<\/p>\n\n\n\n<p>a) chiedere la conferma dell\u2019esistenza o meno di propri dati personali;<\/p>\n\n\n\n<p>b) ottenere le indicazioni circa le finalit\u00e0 del trattamento, le categorie dei dati personali, i destinatari o le categorie di destinatari a cui i dati personali sono stati o saranno comunicati e, quando possibile, il periodo di conservazione;<\/p>\n\n\n\n<p>c) ottenere la rettifica e la cancellazione dei dati;<\/p>\n\n\n\n<p>d) ottenere la limitazione del trattamento;<\/p>\n\n\n\n<p>e) ottenere la portabilit\u00e0 dei dati, ossia riceverli dal titolare del trattamento, in formato strutturato, di uso comune e leggibile da dispositivo automatico, e trasmetterli ad altro titolare del trattamento senza impedimenti;<\/p>\n\n\n\n<p>f)&nbsp; opporsi al trattamento in qualsiasi momento ed anche nel caso di trattamento per finalit\u00e0 di marketing diretto;<\/p>\n\n\n\n<p>g) opporsi ad un processo decisionale automatizzato relativo alle persone \ufb01siche compresa la profilazione.<\/p>\n\n\n\n<p>h) chiedere al titolare del trattamento l\u2019accesso ai dati personali e la rettifica o la cancellazione degli stessi o la limitazione del trattamento che lo riguardano o di opporsi al loro trattamento, oltre al diritto alla portabilit\u00e0 dei dati;<\/p>\n\n\n\n<p>i) revocare il consenso in qualsiasi momento senza pregiudicare la liceit\u00e0 del trattamento basata sul consenso prestato prima della revoca;<\/p>\n\n\n\n<p>l) &nbsp; proporre reclamo all\u2019Autorit\u00e0 Garante.&nbsp;<\/p>\n\n\n\n<h2 class=\"wp-block-heading\">Modalit\u00e0 di esercizio dei diritti<\/h2>\n\n\n\n<p>Potr\u00e0 esercitare i Suoi diritti in qualsiasi momento con richiesta scritta inviata a Beppino Bergamaschi, Str. del Racchetto, 8, 12084 Mondov\u00ec CN o all\u2019indirizzo mai&nbsp;<a href=\"mailto:info@cascinabringin.it\">info@cascinabringin.it<\/a><\/p>\n\t\t\t\t\t\t\t\t<\/div>\n\t\t\t\t<\/div>\n\t\t\t\t\t<\/div>\n\t\t<\/div>\n\t\t\t\t\t<\/div>\n\t\t<\/section>\n\t\t\t\t<\/div>\n\t\t","protected":false},"excerpt":{"rendered":"<p>Privacy Policy Titolare del trattamento Il Titolare del trattamento \u00e8 Beppino Bergamaschi presso Str. del Racchetto, 8, 12084 Mondov\u00ec CN Oggetto del trattamento Il Titolare tratta tutti i dati personali da Lei forniti in occasione di qualsivoglia contatto con lo studio, anche prima di ricevere formale incarico.&nbsp; Ove il soggetto che conferisce i dati abbia [&hellip;]<\/p>\n","protected":false},"author":3,"featured_media":0,"parent":0,"menu_order":0,"comment_status":"closed","ping_status":"closed","template":"elementor_header_footer","meta":{"_monsterinsights_skip_tracking":false,"_monsterinsights_sitenote_active":false,"_monsterinsights_sitenote_note":"","_monsterinsights_sitenote_category":0,"_glsr_average":0,"_glsr_ranking":0,"_glsr_reviews":0,"footnotes":""},"class_list":["post-3","page","type-page","status-publish","hentry"],"aioseo_notices":[],"yoast_head":"<!-- This site is optimized with the Yoast SEO plugin v27.5 - https:\/\/yoast.com\/product\/yoast-seo-wordpress\/ -->\n<title>Privacy Policy - Cascina Bringin<\/title>\n<meta name=\"robots\" content=\"index, follow, max-snippet:-1, max-image-preview:large, max-video-preview:-1\" \/>\n<link rel=\"canonical\" href=\"https:\/\/cascinabringin.it\/index.php\/privacy-policy\/\" \/>\n<meta property=\"og:locale\" content=\"it_IT\" \/>\n<meta property=\"og:type\" content=\"article\" \/>\n<meta property=\"og:title\" content=\"Privacy Policy - Cascina Bringin\" \/>\n<meta property=\"og:description\" content=\"Privacy Policy Titolare del trattamento Il Titolare del trattamento \u00e8 Beppino Bergamaschi presso Str. del Racchetto, 8, 12084 Mondov\u00ec CN Oggetto del trattamento Il Titolare tratta tutti i dati personali da Lei forniti in occasione di qualsivoglia contatto con lo studio, anche prima di ricevere formale incarico.&nbsp; Ove il soggetto che conferisce i dati abbia [&hellip;]\" \/>\n<meta property=\"og:url\" content=\"https:\/\/cascinabringin.it\/index.php\/privacy-policy\/\" \/>\n<meta property=\"og:site_name\" content=\"Cascina Bringin\" \/>\n<meta property=\"article:modified_time\" content=\"2021-08-23T09:39:06+00:00\" \/>\n<meta name=\"twitter:card\" content=\"summary_large_image\" \/>\n<meta name=\"twitter:label1\" content=\"Tempo di lettura stimato\" \/>\n\t<meta name=\"twitter:data1\" content=\"4 minuti\" \/>\n<script type=\"application\/ld+json\" class=\"yoast-schema-graph\">{\"@context\":\"https:\\\/\\\/schema.org\",\"@graph\":[{\"@type\":\"WebPage\",\"@id\":\"https:\\\/\\\/cascinabringin.it\\\/index.php\\\/privacy-policy\\\/\",\"url\":\"https:\\\/\\\/cascinabringin.it\\\/index.php\\\/privacy-policy\\\/\",\"name\":\"Privacy Policy - Cascina Bringin\",\"isPartOf\":{\"@id\":\"https:\\\/\\\/cascinabringin.it\\\/#website\"},\"datePublished\":\"2021-08-09T13:18:45+00:00\",\"dateModified\":\"2021-08-23T09:39:06+00:00\",\"breadcrumb\":{\"@id\":\"https:\\\/\\\/cascinabringin.it\\\/index.php\\\/privacy-policy\\\/#breadcrumb\"},\"inLanguage\":\"it-IT\",\"potentialAction\":[{\"@type\":\"ReadAction\",\"target\":[\"https:\\\/\\\/cascinabringin.it\\\/index.php\\\/privacy-policy\\\/\"]}]},{\"@type\":\"BreadcrumbList\",\"@id\":\"https:\\\/\\\/cascinabringin.it\\\/index.php\\\/privacy-policy\\\/#breadcrumb\",\"itemListElement\":[{\"@type\":\"ListItem\",\"position\":1,\"name\":\"Home\",\"item\":\"https:\\\/\\\/cascinabringin.it\\\/\"},{\"@type\":\"ListItem\",\"position\":2,\"name\":\"Privacy Policy\"}]},{\"@type\":\"WebSite\",\"@id\":\"https:\\\/\\\/cascinabringin.it\\\/#website\",\"url\":\"https:\\\/\\\/cascinabringin.it\\\/\",\"name\":\"Cascina Bringin\",\"description\":\"\",\"publisher\":{\"@id\":\"https:\\\/\\\/cascinabringin.it\\\/#organization\"},\"potentialAction\":[{\"@type\":\"SearchAction\",\"target\":{\"@type\":\"EntryPoint\",\"urlTemplate\":\"https:\\\/\\\/cascinabringin.it\\\/?s={search_term_string}\"},\"query-input\":{\"@type\":\"PropertyValueSpecification\",\"valueRequired\":true,\"valueName\":\"search_term_string\"}}],\"inLanguage\":\"it-IT\"},{\"@type\":\"Organization\",\"@id\":\"https:\\\/\\\/cascinabringin.it\\\/#organization\",\"name\":\"Cascina Bringin\",\"url\":\"https:\\\/\\\/cascinabringin.it\\\/\",\"logo\":{\"@type\":\"ImageObject\",\"inLanguage\":\"it-IT\",\"@id\":\"https:\\\/\\\/cascinabringin.it\\\/#\\\/schema\\\/logo\\\/image\\\/\",\"url\":\"https:\\\/\\\/cascinabringin.it\\\/wp-content\\\/uploads\\\/2021\\\/08\\\/cropped-CascinaBringinLogo-1.png\",\"contentUrl\":\"https:\\\/\\\/cascinabringin.it\\\/wp-content\\\/uploads\\\/2021\\\/08\\\/cropped-CascinaBringinLogo-1.png\",\"width\":242,\"height\":96,\"caption\":\"Cascina Bringin\"},\"image\":{\"@id\":\"https:\\\/\\\/cascinabringin.it\\\/#\\\/schema\\\/logo\\\/image\\\/\"}}]}<\/script>\n<!-- \/ Yoast SEO plugin. -->","yoast_head_json":{"title":"Privacy Policy - Cascina Bringin","robots":{"index":"index","follow":"follow","max-snippet":"max-snippet:-1","max-image-preview":"max-image-preview:large","max-video-preview":"max-video-preview:-1"},"canonical":"https:\/\/cascinabringin.it\/index.php\/privacy-policy\/","og_locale":"it_IT","og_type":"article","og_title":"Privacy Policy - Cascina Bringin","og_description":"Privacy Policy Titolare del trattamento Il Titolare del trattamento \u00e8 Beppino Bergamaschi presso Str. del Racchetto, 8, 12084 Mondov\u00ec CN Oggetto del trattamento Il Titolare tratta tutti i dati personali da Lei forniti in occasione di qualsivoglia contatto con lo studio, anche prima di ricevere formale incarico.&nbsp; Ove il soggetto che conferisce i dati abbia [&hellip;]","og_url":"https:\/\/cascinabringin.it\/index.php\/privacy-policy\/","og_site_name":"Cascina Bringin","article_modified_time":"2021-08-23T09:39:06+00:00","twitter_card":"summary_large_image","twitter_misc":{"Tempo di lettura stimato":"4 minuti"},"schema":{"@context":"https:\/\/schema.org","@graph":[{"@type":"WebPage","@id":"https:\/\/cascinabringin.it\/index.php\/privacy-policy\/","url":"https:\/\/cascinabringin.it\/index.php\/privacy-policy\/","name":"Privacy Policy - Cascina Bringin","isPartOf":{"@id":"https:\/\/cascinabringin.it\/#website"},"datePublished":"2021-08-09T13:18:45+00:00","dateModified":"2021-08-23T09:39:06+00:00","breadcrumb":{"@id":"https:\/\/cascinabringin.it\/index.php\/privacy-policy\/#breadcrumb"},"inLanguage":"it-IT","potentialAction":[{"@type":"ReadAction","target":["https:\/\/cascinabringin.it\/index.php\/privacy-policy\/"]}]},{"@type":"BreadcrumbList","@id":"https:\/\/cascinabringin.it\/index.php\/privacy-policy\/#breadcrumb","itemListElement":[{"@type":"ListItem","position":1,"name":"Home","item":"https:\/\/cascinabringin.it\/"},{"@type":"ListItem","position":2,"name":"Privacy Policy"}]},{"@type":"WebSite","@id":"https:\/\/cascinabringin.it\/#website","url":"https:\/\/cascinabringin.it\/","name":"Cascina Bringin","description":"","publisher":{"@id":"https:\/\/cascinabringin.it\/#organization"},"potentialAction":[{"@type":"SearchAction","target":{"@type":"EntryPoint","urlTemplate":"https:\/\/cascinabringin.it\/?s={search_term_string}"},"query-input":{"@type":"PropertyValueSpecification","valueRequired":true,"valueName":"search_term_string"}}],"inLanguage":"it-IT"},{"@type":"Organization","@id":"https:\/\/cascinabringin.it\/#organization","name":"Cascina Bringin","url":"https:\/\/cascinabringin.it\/","logo":{"@type":"ImageObject","inLanguage":"it-IT","@id":"https:\/\/cascinabringin.it\/#\/schema\/logo\/image\/","url":"https:\/\/cascinabringin.it\/wp-content\/uploads\/2021\/08\/cropped-CascinaBringinLogo-1.png","contentUrl":"https:\/\/cascinabringin.it\/wp-content\/uploads\/2021\/08\/cropped-CascinaBringinLogo-1.png","width":242,"height":96,"caption":"Cascina Bringin"},"image":{"@id":"https:\/\/cascinabringin.it\/#\/schema\/logo\/image\/"}}]}},"_links":{"self":[{"href":"https:\/\/cascinabringin.it\/index.php\/wp-json\/wp\/v2\/pages\/3","targetHints":{"allow":["GET"]}}],"collection":[{"href":"https:\/\/cascinabringin.it\/index.php\/wp-json\/wp\/v2\/pages"}],"about":[{"href":"https:\/\/cascinabringin.it\/index.php\/wp-json\/wp\/v2\/types\/page"}],"author":[{"embeddable":true,"href":"https:\/\/cascinabringin.it\/index.php\/wp-json\/wp\/v2\/users\/3"}],"replies":[{"embeddable":true,"href":"https:\/\/cascinabringin.it\/index.php\/wp-json\/wp\/v2\/comments?post=3"}],"version-history":[{"count":5,"href":"https:\/\/cascinabringin.it\/index.php\/wp-json\/wp\/v2\/pages\/3\/revisions"}],"predecessor-version":[{"id":673,"href":"https:\/\/cascinabringin.it\/index.php\/wp-json\/wp\/v2\/pages\/3\/revisions\/673"}],"wp:attachment":[{"href":"https:\/\/cascinabringin.it\/index.php\/wp-json\/wp\/v2\/media?parent=3"}],"curies":[{"name":"wp","href":"https:\/\/api.w.org\/{rel}","templated":true}]}}