{"id":742,"date":"2021-08-24T15:09:34","date_gmt":"2021-08-24T15:09:34","guid":{"rendered":"https:\/\/cascinabringin.it\/index.php\/hebergement-a-beccaria\/"},"modified":"2023-05-30T16:10:22","modified_gmt":"2023-05-30T16:10:22","slug":"hebergement-a-beccaria","status":"publish","type":"page","link":"https:\/\/cascinabringin.it\/index.php\/hebergement-a-beccaria\/","title":{"rendered":"H\u00e9bergement \u00e0 Beccaria"},"content":{"rendered":"\t\t<div data-elementor-type=\"wp-page\" data-elementor-id=\"742\" class=\"elementor elementor-742\" data-elementor-post-type=\"page\">\n\t\t\t\t\t\t<section class=\"elementor-section elementor-top-section elementor-element elementor-element-566c8c6 elementor-section-full_width elementor-section-height-min-height elementor-section-height-default elementor-section-items-middle\" data-id=\"566c8c6\" data-element_type=\"section\" data-e-type=\"section\" data-settings=\"{&quot;background_background&quot;:&quot;classic&quot;}\">\n\t\t\t\t\t\t\t<div class=\"elementor-background-overlay\"><\/div>\n\t\t\t\t\t\t\t<div class=\"elementor-container elementor-column-gap-default\">\n\t\t\t\t\t<div class=\"elementor-column elementor-col-100 elementor-top-column elementor-element elementor-element-1dbf8d23\" data-id=\"1dbf8d23\" data-element_type=\"column\" data-e-type=\"column\">\n\t\t\t<div class=\"elementor-widget-wrap elementor-element-populated\">\n\t\t\t\t\t\t<div class=\"elementor-element elementor-element-76ba75e elementor-widget elementor-widget-heading\" data-id=\"76ba75e\" data-element_type=\"widget\" data-e-type=\"widget\" data-widget_type=\"heading.default\">\n\t\t\t\t<div class=\"elementor-widget-container\">\n\t\t\t\t\t<h2 class=\"elementor-heading-title elementor-size-default\">H\u00c9BERGEMENT BECCARIA<\/h2>\t\t\t\t<\/div>\n\t\t\t\t<\/div>\n\t\t\t\t\t<\/div>\n\t\t<\/div>\n\t\t\t\t\t<\/div>\n\t\t<\/section>\n\t\t\t\t<section class=\"elementor-section elementor-top-section elementor-element elementor-element-624230db elementor-section-boxed elementor-section-height-default elementor-section-height-default\" data-id=\"624230db\" data-element_type=\"section\" data-e-type=\"section\">\n\t\t\t\t\t\t<div class=\"elementor-container elementor-column-gap-default\">\n\t\t\t\t\t<div class=\"elementor-column elementor-col-100 elementor-top-column elementor-element elementor-element-39f30507\" data-id=\"39f30507\" data-element_type=\"column\" data-e-type=\"column\">\n\t\t\t<div class=\"elementor-widget-wrap elementor-element-populated\">\n\t\t\t\t\t\t<section class=\"elementor-section elementor-inner-section elementor-element elementor-element-7c16bbb0 elementor-section-boxed elementor-section-height-default elementor-section-height-default\" data-id=\"7c16bbb0\" data-element_type=\"section\" data-e-type=\"section\">\n\t\t\t\t\t\t<div class=\"elementor-container elementor-column-gap-default\">\n\t\t\t\t\t<div class=\"elementor-column elementor-col-100 elementor-inner-column elementor-element elementor-element-259cae9c\" data-id=\"259cae9c\" data-element_type=\"column\" data-e-type=\"column\">\n\t\t\t<div class=\"elementor-widget-wrap elementor-element-populated\">\n\t\t\t\t\t\t<div class=\"elementor-element elementor-element-695f8778 elementor-widget elementor-widget-price-list\" data-id=\"695f8778\" data-element_type=\"widget\" data-e-type=\"widget\" data-widget_type=\"price-list.default\">\n\t\t\t\t<div class=\"elementor-widget-container\">\n\t\t\t\t\t\n\t\t<ul class=\"elementor-price-list\">\n\n\t\t\t\t\t\t\t\t\t<li><a class=\"elementor-price-list-item\" href=\"#\">\t\t\t\t\n\t\t\t\t<div class=\"elementor-price-list-text\">\n\t\t\t\t\t\t\t\t\t<div class=\"elementor-price-list-header\">\n\t\t\t\t\t\t\t\t\t\t\t<span class=\"elementor-price-list-title\">\n\t\t\t\t\t\t\t1 PERSONNE\t\t\t\t\t\t<\/span>\n\t\t\t\t\t\t\t\t\t\t\t\t\t\t\t\t\t\t<span class=\"elementor-price-list-separator\"><\/span>\n\t\t\t\t\t\t\t\t\t\t\t\t\t\t\t\t\t\t\t<span class=\"elementor-price-list-price\">50\u20ac<\/span>\n\t\t\t\t\t\t\t\t\t\t<\/div>\n\t\t\t\t\t\t\t\t\t\t\t\t<\/div>\n\t\t\t\t<\/a><\/li>\t\t\t\t\t\t\t\t\t\t\t\t<li><a class=\"elementor-price-list-item\" href=\"#\">\t\t\t\t\n\t\t\t\t<div class=\"elementor-price-list-text\">\n\t\t\t\t\t\t\t\t\t<div class=\"elementor-price-list-header\">\n\t\t\t\t\t\t\t\t\t\t\t<span class=\"elementor-price-list-title\">\n\t\t\t\t\t\t\t2 PERSONNES\t\t\t\t\t\t<\/span>\n\t\t\t\t\t\t\t\t\t\t\t\t\t\t\t\t\t\t<span class=\"elementor-price-list-separator\"><\/span>\n\t\t\t\t\t\t\t\t\t\t\t\t\t\t\t\t\t\t\t<span class=\"elementor-price-list-price\">75\u20ac<\/span>\n\t\t\t\t\t\t\t\t\t\t<\/div>\n\t\t\t\t\t\t\t\t\t\t\t\t<\/div>\n\t\t\t\t<\/a><\/li>\t\t\t\t\t\t\t\t\t\t\t\t<li><a class=\"elementor-price-list-item\" href=\"#\">\t\t\t\t\n\t\t\t\t<div class=\"elementor-price-list-text\">\n\t\t\t\t\t\t\t\t\t<div class=\"elementor-price-list-header\">\n\t\t\t\t\t\t\t\t\t\t\t<span class=\"elementor-price-list-title\">\n\t\t\t\t\t\t\t3 PERSONNES\t\t\t\t\t\t<\/span>\n\t\t\t\t\t\t\t\t\t\t\t\t\t\t\t\t\t\t<span class=\"elementor-price-list-separator\"><\/span>\n\t\t\t\t\t\t\t\t\t\t\t\t\t\t\t\t\t\t\t<span class=\"elementor-price-list-price\">95\u20ac<\/span>\n\t\t\t\t\t\t\t\t\t\t<\/div>\n\t\t\t\t\t\t\t\t\t\t\t\t<\/div>\n\t\t\t\t<\/a><\/li>\t\t\t\t\t\t\t\t\t\t\t\t<li><a class=\"elementor-price-list-item\" href=\"#\">\t\t\t\t\n\t\t\t\t<div class=\"elementor-price-list-text\">\n\t\t\t\t\t\t\t\t\t<div class=\"elementor-price-list-header\">\n\t\t\t\t\t\t\t\t\t\t\t<span class=\"elementor-price-list-title\">\n\t\t\t\t\t\t\tSEMAINE 2 PERSONNES\t\t\t\t\t\t<\/span>\n\t\t\t\t\t\t\t\t\t\t\t\t\t\t\t\t\t\t<span class=\"elementor-price-list-separator\"><\/span>\n\t\t\t\t\t\t\t\t\t\t\t\t\t\t\t\t\t\t\t<span class=\"elementor-price-list-price\">380\u20ac<\/span>\n\t\t\t\t\t\t\t\t\t\t<\/div>\n\t\t\t\t\t\t\t\t\t\t\t\t<\/div>\n\t\t\t\t<\/a><\/li>\t\t\t\t\t\t\t\t\t\t\t\t<li><a class=\"elementor-price-list-item\" href=\"#\">\t\t\t\t\n\t\t\t\t<div class=\"elementor-price-list-text\">\n\t\t\t\t\t\t\t\t\t<div class=\"elementor-price-list-header\">\n\t\t\t\t\t\t\t\t\t\t\t<span class=\"elementor-price-list-title\">\n\t\t\t\t\t\t\tSEMAINE 3 PERSONNES\t\t\t\t\t\t<\/span>\n\t\t\t\t\t\t\t\t\t\t\t\t\t\t\t\t\t\t<span class=\"elementor-price-list-separator\"><\/span>\n\t\t\t\t\t\t\t\t\t\t\t\t\t\t\t\t\t\t\t<span class=\"elementor-price-list-price\">420\u20ac<\/span>\n\t\t\t\t\t\t\t\t\t\t<\/div>\n\t\t\t\t\t\t\t\t\t\t\t\t<\/div>\n\t\t\t\t<\/a><\/li>\t\t\t\t\t\n\t\t<\/ul>\n\n\t\t\t\t\t\t<\/div>\n\t\t\t\t<\/div>\n\t\t\t\t\t<\/div>\n\t\t<\/div>\n\t\t\t\t\t<\/div>\n\t\t<\/section>\n\t\t\t\t<div class=\"elementor-element elementor-element-3f8ff24b elementor-widget elementor-widget-text-editor\" data-id=\"3f8ff24b\" data-element_type=\"widget\" data-e-type=\"widget\" data-widget_type=\"text-editor.default\">\n\t\t\t\t<div class=\"elementor-widget-container\">\n\t\t\t\t\t\t\t\t\t<p>Nous vous proposons, pour des s\u00e9jours courts ou longs, un appartement de deux pi\u00e8ces \u00e9l\u00e9gant et moderne finement meubl\u00e9.<br \/>Situ\u00e9 dans le centre historique de Mondov\u00ec et proche des services, il est id\u00e9al pour les s\u00e9jours d&#8217;affaires ou d&#8217;\u00e9tudes ou pour un agr\u00e9able week-end.<br \/>Cuisine enti\u00e8rement \u00e9quip\u00e9e, surface sup\u00e9rieure \u00e0 la moyenne, pouvant accueillir jusqu&#8217;\u00e0 4 personnes.<br \/>Service r\u00e9sidence en option (m\u00e9nage et changement de linge une fois par semaine). Animaux accept\u00e9s.<\/p>\n\t\t\t\t\t\t\t\t<\/div>\n\t\t\t\t<\/div>\n\t\t\t\t<div class=\"elementor-element elementor-element-169ff308 elementor-align-center elementor-widget elementor-widget-button\" data-id=\"169ff308\" data-element_type=\"widget\" data-e-type=\"widget\" data-widget_type=\"button.default\">\n\t\t\t\t<div class=\"elementor-widget-container\">\n\t\t\t\t\t\t\t\t\t<div class=\"elementor-button-wrapper\">\n\t\t\t\t\t<a class=\"elementor-button elementor-button-link elementor-size-md\" href=\"https:\/\/cascinabringin.it\/index.php\/contacts\/?lang=fr\">\n\t\t\t\t\t\t<span class=\"elementor-button-content-wrapper\">\n\t\t\t\t\t\t\t\t\t<span class=\"elementor-button-text\">NOUS CONTACTER<\/span>\n\t\t\t\t\t<\/span>\n\t\t\t\t\t<\/a>\n\t\t\t\t<\/div>\n\t\t\t\t\t\t\t\t<\/div>\n\t\t\t\t<\/div>\n\t\t\t\t\t<\/div>\n\t\t<\/div>\n\t\t\t\t\t<\/div>\n\t\t<\/section>\n\t\t\t\t<section class=\"elementor-section elementor-top-section elementor-element elementor-element-170c9149 elementor-section-boxed elementor-section-height-default elementor-section-height-default\" data-id=\"170c9149\" data-element_type=\"section\" data-e-type=\"section\">\n\t\t\t\t\t\t<div class=\"elementor-container elementor-column-gap-default\">\n\t\t\t\t\t<div class=\"elementor-column elementor-col-100 elementor-top-column elementor-element elementor-element-295e7714\" data-id=\"295e7714\" data-element_type=\"column\" data-e-type=\"column\">\n\t\t\t<div class=\"elementor-widget-wrap elementor-element-populated\">\n\t\t\t\t\t\t<div class=\"elementor-element elementor-element-c95e6a8 elementor-widget elementor-widget-gallery\" data-id=\"c95e6a8\" data-element_type=\"widget\" data-e-type=\"widget\" data-settings=\"{&quot;gallery_layout&quot;:&quot;masonry&quot;,&quot;lazyload&quot;:&quot;yes&quot;,&quot;columns&quot;:4,&quot;columns_tablet&quot;:2,&quot;columns_mobile&quot;:1,&quot;gap&quot;:{&quot;unit&quot;:&quot;px&quot;,&quot;size&quot;:10,&quot;sizes&quot;:[]},&quot;gap_tablet&quot;:{&quot;unit&quot;:&quot;px&quot;,&quot;size&quot;:10,&quot;sizes&quot;:[]},&quot;gap_mobile&quot;:{&quot;unit&quot;:&quot;px&quot;,&quot;size&quot;:10,&quot;sizes&quot;:[]},&quot;link_to&quot;:&quot;file&quot;,&quot;overlay_background&quot;:&quot;yes&quot;,&quot;content_hover_animation&quot;:&quot;fade-in&quot;}\" data-widget_type=\"gallery.default\">\n\t\t\t\t<div class=\"elementor-widget-container\">\n\t\t\t\t\t\t\t<div class=\"elementor-gallery__container\">\n\t\t\t\t\t\t\t<a class=\"e-gallery-item elementor-gallery-item elementor-animated-content\" href=\"https:\/\/cascinabringin.it\/wp-content\/uploads\/2021\/08\/IMG_20170522_094003.jpg\" data-elementor-open-lightbox=\"yes\" data-elementor-lightbox-slideshow=\"c95e6a8\" data-elementor-lightbox-title=\"IMG_20170522_094003\" data-e-action-hash=\"#elementor-action%3Aaction%3Dlightbox%26settings%3DeyJpZCI6Mjg5LCJ1cmwiOiJodHRwczpcL1wvY2FzY2luYWJyaW5naW4uaXRcL3dwLWNvbnRlbnRcL3VwbG9hZHNcLzIwMjFcLzA4XC9JTUdfMjAxNzA1MjJfMDk0MDAzLmpwZyIsInNsaWRlc2hvdyI6ImM5NWU2YTgifQ%3D%3D\">\n\t\t\t\t\t<div class=\"e-gallery-image elementor-gallery-item__image\" data-thumbnail=\"https:\/\/cascinabringin.it\/wp-content\/uploads\/2021\/08\/IMG_20170522_094003.jpg\" data-width=\"360\" data-height=\"300\" aria-label=\"\" role=\"img\" ><\/div>\n\t\t\t\t\t\t\t\t\t\t\t<div class=\"elementor-gallery-item__overlay\"><\/div>\n\t\t\t\t\t\t\t\t\t\t\t\t\t\t<\/a>\n\t\t\t\t\t\t\t<a class=\"e-gallery-item elementor-gallery-item elementor-animated-content\" href=\"https:\/\/cascinabringin.it\/wp-content\/uploads\/2021\/08\/IMG_20170522_094031.jpg\" data-elementor-open-lightbox=\"yes\" data-elementor-lightbox-slideshow=\"c95e6a8\" data-elementor-lightbox-title=\"IMG_20170522_094031\" data-e-action-hash=\"#elementor-action%3Aaction%3Dlightbox%26settings%3DeyJpZCI6MjkwLCJ1cmwiOiJodHRwczpcL1wvY2FzY2luYWJyaW5naW4uaXRcL3dwLWNvbnRlbnRcL3VwbG9hZHNcLzIwMjFcLzA4XC9JTUdfMjAxNzA1MjJfMDk0MDMxLmpwZyIsInNsaWRlc2hvdyI6ImM5NWU2YTgifQ%3D%3D\">\n\t\t\t\t\t<div class=\"e-gallery-image elementor-gallery-item__image\" data-thumbnail=\"https:\/\/cascinabringin.it\/wp-content\/uploads\/2021\/08\/IMG_20170522_094031.jpg\" data-width=\"367\" data-height=\"300\" aria-label=\"\" role=\"img\" ><\/div>\n\t\t\t\t\t\t\t\t\t\t\t<div class=\"elementor-gallery-item__overlay\"><\/div>\n\t\t\t\t\t\t\t\t\t\t\t\t\t\t<\/a>\n\t\t\t\t\t\t\t<a class=\"e-gallery-item elementor-gallery-item elementor-animated-content\" href=\"https:\/\/cascinabringin.it\/wp-content\/uploads\/2021\/08\/IMG_20170522_114947-2.jpg\" data-elementor-open-lightbox=\"yes\" data-elementor-lightbox-slideshow=\"c95e6a8\" data-elementor-lightbox-title=\"IMG_20170522_114947\" data-e-action-hash=\"#elementor-action%3Aaction%3Dlightbox%26settings%3DeyJpZCI6MjkxLCJ1cmwiOiJodHRwczpcL1wvY2FzY2luYWJyaW5naW4uaXRcL3dwLWNvbnRlbnRcL3VwbG9hZHNcLzIwMjFcLzA4XC9JTUdfMjAxNzA1MjJfMTE0OTQ3LTIuanBnIiwic2xpZGVzaG93IjoiYzk1ZTZhOCJ9\">\n\t\t\t\t\t<div class=\"e-gallery-image elementor-gallery-item__image\" data-thumbnail=\"https:\/\/cascinabringin.it\/wp-content\/uploads\/2021\/08\/IMG_20170522_114947-2.jpg\" data-width=\"325\" data-height=\"300\" aria-label=\"\" role=\"img\" ><\/div>\n\t\t\t\t\t\t\t\t\t\t\t<div class=\"elementor-gallery-item__overlay\"><\/div>\n\t\t\t\t\t\t\t\t\t\t\t\t\t\t<\/a>\n\t\t\t\t\t\t\t<a class=\"e-gallery-item elementor-gallery-item elementor-animated-content\" href=\"https:\/\/cascinabringin.it\/wp-content\/uploads\/2021\/08\/IMG_20170522_115012.jpg\" data-elementor-open-lightbox=\"yes\" data-elementor-lightbox-slideshow=\"c95e6a8\" data-elementor-lightbox-title=\"IMG_20170522_115012\" data-e-action-hash=\"#elementor-action%3Aaction%3Dlightbox%26settings%3DeyJpZCI6MjkyLCJ1cmwiOiJodHRwczpcL1wvY2FzY2luYWJyaW5naW4uaXRcL3dwLWNvbnRlbnRcL3VwbG9hZHNcLzIwMjFcLzA4XC9JTUdfMjAxNzA1MjJfMTE1MDEyLmpwZyIsInNsaWRlc2hvdyI6ImM5NWU2YTgifQ%3D%3D\">\n\t\t\t\t\t<div class=\"e-gallery-image elementor-gallery-item__image\" data-thumbnail=\"https:\/\/cascinabringin.it\/wp-content\/uploads\/2021\/08\/IMG_20170522_115012.jpg\" data-width=\"356\" data-height=\"300\" aria-label=\"\" role=\"img\" ><\/div>\n\t\t\t\t\t\t\t\t\t\t\t<div class=\"elementor-gallery-item__overlay\"><\/div>\n\t\t\t\t\t\t\t\t\t\t\t\t\t\t<\/a>\n\t\t\t\t\t\t\t<a class=\"e-gallery-item elementor-gallery-item elementor-animated-content\" href=\"https:\/\/cascinabringin.it\/wp-content\/uploads\/2021\/08\/IMG_20170522_115308.jpg\" data-elementor-open-lightbox=\"yes\" data-elementor-lightbox-slideshow=\"c95e6a8\" data-elementor-lightbox-title=\"IMG_20170522_115308\" data-e-action-hash=\"#elementor-action%3Aaction%3Dlightbox%26settings%3DeyJpZCI6MjkzLCJ1cmwiOiJodHRwczpcL1wvY2FzY2luYWJyaW5naW4uaXRcL3dwLWNvbnRlbnRcL3VwbG9hZHNcLzIwMjFcLzA4XC9JTUdfMjAxNzA1MjJfMTE1MzA4LmpwZyIsInNsaWRlc2hvdyI6ImM5NWU2YTgifQ%3D%3D\">\n\t\t\t\t\t<div class=\"e-gallery-image elementor-gallery-item__image\" data-thumbnail=\"https:\/\/cascinabringin.it\/wp-content\/uploads\/2021\/08\/IMG_20170522_115308.jpg\" data-width=\"393\" data-height=\"300\" aria-label=\"\" role=\"img\" ><\/div>\n\t\t\t\t\t\t\t\t\t\t\t<div class=\"elementor-gallery-item__overlay\"><\/div>\n\t\t\t\t\t\t\t\t\t\t\t\t\t\t<\/a>\n\t\t\t\t\t\t\t<a class=\"e-gallery-item elementor-gallery-item elementor-animated-content\" href=\"https:\/\/cascinabringin.it\/wp-content\/uploads\/2021\/08\/IMG_20170522_115352.jpg\" data-elementor-open-lightbox=\"yes\" data-elementor-lightbox-slideshow=\"c95e6a8\" data-elementor-lightbox-title=\"IMG_20170522_115352\" data-e-action-hash=\"#elementor-action%3Aaction%3Dlightbox%26settings%3DeyJpZCI6Mjk0LCJ1cmwiOiJodHRwczpcL1wvY2FzY2luYWJyaW5naW4uaXRcL3dwLWNvbnRlbnRcL3VwbG9hZHNcLzIwMjFcLzA4XC9JTUdfMjAxNzA1MjJfMTE1MzUyLmpwZyIsInNsaWRlc2hvdyI6ImM5NWU2YTgifQ%3D%3D\">\n\t\t\t\t\t<div class=\"e-gallery-image elementor-gallery-item__image\" data-thumbnail=\"https:\/\/cascinabringin.it\/wp-content\/uploads\/2021\/08\/IMG_20170522_115352.jpg\" data-width=\"481\" data-height=\"300\" aria-label=\"\" role=\"img\" ><\/div>\n\t\t\t\t\t\t\t\t\t\t\t<div class=\"elementor-gallery-item__overlay\"><\/div>\n\t\t\t\t\t\t\t\t\t\t\t\t\t\t<\/a>\n\t\t\t\t\t\t\t<a class=\"e-gallery-item elementor-gallery-item elementor-animated-content\" href=\"https:\/\/cascinabringin.it\/wp-content\/uploads\/2021\/08\/IMG_20170522_115443.jpg\" data-elementor-open-lightbox=\"yes\" data-elementor-lightbox-slideshow=\"c95e6a8\" data-elementor-lightbox-title=\"IMG_20170522_115443\" data-e-action-hash=\"#elementor-action%3Aaction%3Dlightbox%26settings%3DeyJpZCI6Mjk1LCJ1cmwiOiJodHRwczpcL1wvY2FzY2luYWJyaW5naW4uaXRcL3dwLWNvbnRlbnRcL3VwbG9hZHNcLzIwMjFcLzA4XC9JTUdfMjAxNzA1MjJfMTE1NDQzLmpwZyIsInNsaWRlc2hvdyI6ImM5NWU2YTgifQ%3D%3D\">\n\t\t\t\t\t<div class=\"e-gallery-image elementor-gallery-item__image\" data-thumbnail=\"https:\/\/cascinabringin.it\/wp-content\/uploads\/2021\/08\/IMG_20170522_115443.jpg\" data-width=\"368\" data-height=\"300\" aria-label=\"\" role=\"img\" ><\/div>\n\t\t\t\t\t\t\t\t\t\t\t<div class=\"elementor-gallery-item__overlay\"><\/div>\n\t\t\t\t\t\t\t\t\t\t\t\t\t\t<\/a>\n\t\t\t\t\t<\/div>\n\t\t\t\t\t<\/div>\n\t\t\t\t<\/div>\n\t\t\t\t\t<\/div>\n\t\t<\/div>\n\t\t\t\t\t<\/div>\n\t\t<\/section>\n\t\t\t\t<\/div>\n\t\t","protected":false},"excerpt":{"rendered":"<p>H\u00c9BERGEMENT BECCARIA 1 PERSONNE 50\u20ac 2 PERSONNES 75\u20ac 3 PERSONNES 95\u20ac SEMAINE 2 PERSONNES 380\u20ac SEMAINE 3 PERSONNES 420\u20ac Nous vous proposons, pour des s\u00e9jours courts ou longs, un appartement de deux pi\u00e8ces \u00e9l\u00e9gant et moderne finement meubl\u00e9.Situ\u00e9 dans le centre historique de Mondov\u00ec et proche des services, il est id\u00e9al pour les s\u00e9jours d&#8217;affaires [&hellip;]<\/p>\n","protected":false},"author":3,"featured_media":0,"parent":0,"menu_order":0,"comment_status":"closed","ping_status":"closed","template":"elementor_header_footer","meta":{"_monsterinsights_skip_tracking":false,"_monsterinsights_sitenote_active":false,"_monsterinsights_sitenote_note":"","_monsterinsights_sitenote_category":0,"_glsr_average":0,"_glsr_ranking":0,"_glsr_reviews":0,"footnotes":""},"class_list":["post-742","page","type-page","status-publish","hentry"],"aioseo_notices":[],"yoast_head":"<!-- This site is optimized with the Yoast SEO plugin v27.5 - https:\/\/yoast.com\/product\/yoast-seo-wordpress\/ -->\n<title>H\u00e9bergement \u00e0 Beccaria - Cascina Bringin<\/title>\n<meta name=\"robots\" content=\"index, follow, max-snippet:-1, max-image-preview:large, max-video-preview:-1\" \/>\n<link rel=\"canonical\" href=\"https:\/\/cascinabringin.it\/index.php\/hebergement-a-beccaria\/?lang=fr\" \/>\n<meta property=\"og:locale\" content=\"it_IT\" \/>\n<meta property=\"og:type\" content=\"article\" \/>\n<meta property=\"og:title\" content=\"H\u00e9bergement \u00e0 Beccaria - Cascina Bringin\" \/>\n<meta property=\"og:description\" content=\"H\u00c9BERGEMENT BECCARIA 1 PERSONNE 50\u20ac 2 PERSONNES 75\u20ac 3 PERSONNES 95\u20ac SEMAINE 2 PERSONNES 380\u20ac SEMAINE 3 PERSONNES 420\u20ac Nous vous proposons, pour des s\u00e9jours courts ou longs, un appartement de deux pi\u00e8ces \u00e9l\u00e9gant et moderne finement meubl\u00e9.Situ\u00e9 dans le centre historique de Mondov\u00ec et proche des services, il est id\u00e9al pour les s\u00e9jours d&#8217;affaires [&hellip;]\" \/>\n<meta property=\"og:url\" content=\"https:\/\/cascinabringin.it\/index.php\/hebergement-a-beccaria\/?lang=fr\" \/>\n<meta property=\"og:site_name\" content=\"Cascina Bringin\" \/>\n<meta property=\"article:modified_time\" content=\"2023-05-30T16:10:22+00:00\" \/>\n<meta name=\"twitter:card\" content=\"summary_large_image\" \/>\n<script type=\"application\/ld+json\" class=\"yoast-schema-graph\">{\"@context\":\"https:\\\/\\\/schema.org\",\"@graph\":[{\"@type\":\"WebPage\",\"@id\":\"https:\\\/\\\/cascinabringin.it\\\/index.php\\\/hebergement-a-beccaria\\\/?lang=fr\",\"url\":\"https:\\\/\\\/cascinabringin.it\\\/index.php\\\/hebergement-a-beccaria\\\/?lang=fr\",\"name\":\"H\u00e9bergement \u00e0 Beccaria - Cascina Bringin\",\"isPartOf\":{\"@id\":\"https:\\\/\\\/cascinabringin.it\\\/#website\"},\"datePublished\":\"2021-08-24T15:09:34+00:00\",\"dateModified\":\"2023-05-30T16:10:22+00:00\",\"breadcrumb\":{\"@id\":\"https:\\\/\\\/cascinabringin.it\\\/index.php\\\/hebergement-a-beccaria\\\/?lang=fr#breadcrumb\"},\"inLanguage\":\"it-IT\",\"potentialAction\":[{\"@type\":\"ReadAction\",\"target\":[\"https:\\\/\\\/cascinabringin.it\\\/index.php\\\/hebergement-a-beccaria\\\/?lang=fr\"]}]},{\"@type\":\"BreadcrumbList\",\"@id\":\"https:\\\/\\\/cascinabringin.it\\\/index.php\\\/hebergement-a-beccaria\\\/?lang=fr#breadcrumb\",\"itemListElement\":[{\"@type\":\"ListItem\",\"position\":1,\"name\":\"Home\",\"item\":\"https:\\\/\\\/cascinabringin.it\\\/\"},{\"@type\":\"ListItem\",\"position\":2,\"name\":\"H\u00e9bergement \u00e0 Beccaria\"}]},{\"@type\":\"WebSite\",\"@id\":\"https:\\\/\\\/cascinabringin.it\\\/#website\",\"url\":\"https:\\\/\\\/cascinabringin.it\\\/\",\"name\":\"Cascina Bringin\",\"description\":\"\",\"publisher\":{\"@id\":\"https:\\\/\\\/cascinabringin.it\\\/#organization\"},\"potentialAction\":[{\"@type\":\"SearchAction\",\"target\":{\"@type\":\"EntryPoint\",\"urlTemplate\":\"https:\\\/\\\/cascinabringin.it\\\/?s={search_term_string}\"},\"query-input\":{\"@type\":\"PropertyValueSpecification\",\"valueRequired\":true,\"valueName\":\"search_term_string\"}}],\"inLanguage\":\"it-IT\"},{\"@type\":\"Organization\",\"@id\":\"https:\\\/\\\/cascinabringin.it\\\/#organization\",\"name\":\"Cascina Bringin\",\"url\":\"https:\\\/\\\/cascinabringin.it\\\/\",\"logo\":{\"@type\":\"ImageObject\",\"inLanguage\":\"it-IT\",\"@id\":\"https:\\\/\\\/cascinabringin.it\\\/#\\\/schema\\\/logo\\\/image\\\/\",\"url\":\"https:\\\/\\\/cascinabringin.it\\\/wp-content\\\/uploads\\\/2021\\\/08\\\/cropped-CascinaBringinLogo-1.png\",\"contentUrl\":\"https:\\\/\\\/cascinabringin.it\\\/wp-content\\\/uploads\\\/2021\\\/08\\\/cropped-CascinaBringinLogo-1.png\",\"width\":242,\"height\":96,\"caption\":\"Cascina Bringin\"},\"image\":{\"@id\":\"https:\\\/\\\/cascinabringin.it\\\/#\\\/schema\\\/logo\\\/image\\\/\"}}]}<\/script>\n<!-- \/ Yoast SEO plugin. -->","yoast_head_json":{"title":"H\u00e9bergement \u00e0 Beccaria - Cascina Bringin","robots":{"index":"index","follow":"follow","max-snippet":"max-snippet:-1","max-image-preview":"max-image-preview:large","max-video-preview":"max-video-preview:-1"},"canonical":"https:\/\/cascinabringin.it\/index.php\/hebergement-a-beccaria\/?lang=fr","og_locale":"it_IT","og_type":"article","og_title":"H\u00e9bergement \u00e0 Beccaria - Cascina Bringin","og_description":"H\u00c9BERGEMENT BECCARIA 1 PERSONNE 50\u20ac 2 PERSONNES 75\u20ac 3 PERSONNES 95\u20ac SEMAINE 2 PERSONNES 380\u20ac SEMAINE 3 PERSONNES 420\u20ac Nous vous proposons, pour des s\u00e9jours courts ou longs, un appartement de deux pi\u00e8ces \u00e9l\u00e9gant et moderne finement meubl\u00e9.Situ\u00e9 dans le centre historique de Mondov\u00ec et proche des services, il est id\u00e9al pour les s\u00e9jours d&#8217;affaires [&hellip;]","og_url":"https:\/\/cascinabringin.it\/index.php\/hebergement-a-beccaria\/?lang=fr","og_site_name":"Cascina Bringin","article_modified_time":"2023-05-30T16:10:22+00:00","twitter_card":"summary_large_image","schema":{"@context":"https:\/\/schema.org","@graph":[{"@type":"WebPage","@id":"https:\/\/cascinabringin.it\/index.php\/hebergement-a-beccaria\/?lang=fr","url":"https:\/\/cascinabringin.it\/index.php\/hebergement-a-beccaria\/?lang=fr","name":"H\u00e9bergement \u00e0 Beccaria - Cascina Bringin","isPartOf":{"@id":"https:\/\/cascinabringin.it\/#website"},"datePublished":"2021-08-24T15:09:34+00:00","dateModified":"2023-05-30T16:10:22+00:00","breadcrumb":{"@id":"https:\/\/cascinabringin.it\/index.php\/hebergement-a-beccaria\/?lang=fr#breadcrumb"},"inLanguage":"it-IT","potentialAction":[{"@type":"ReadAction","target":["https:\/\/cascinabringin.it\/index.php\/hebergement-a-beccaria\/?lang=fr"]}]},{"@type":"BreadcrumbList","@id":"https:\/\/cascinabringin.it\/index.php\/hebergement-a-beccaria\/?lang=fr#breadcrumb","itemListElement":[{"@type":"ListItem","position":1,"name":"Home","item":"https:\/\/cascinabringin.it\/"},{"@type":"ListItem","position":2,"name":"H\u00e9bergement \u00e0 Beccaria"}]},{"@type":"WebSite","@id":"https:\/\/cascinabringin.it\/#website","url":"https:\/\/cascinabringin.it\/","name":"Cascina Bringin","description":"","publisher":{"@id":"https:\/\/cascinabringin.it\/#organization"},"potentialAction":[{"@type":"SearchAction","target":{"@type":"EntryPoint","urlTemplate":"https:\/\/cascinabringin.it\/?s={search_term_string}"},"query-input":{"@type":"PropertyValueSpecification","valueRequired":true,"valueName":"search_term_string"}}],"inLanguage":"it-IT"},{"@type":"Organization","@id":"https:\/\/cascinabringin.it\/#organization","name":"Cascina Bringin","url":"https:\/\/cascinabringin.it\/","logo":{"@type":"ImageObject","inLanguage":"it-IT","@id":"https:\/\/cascinabringin.it\/#\/schema\/logo\/image\/","url":"https:\/\/cascinabringin.it\/wp-content\/uploads\/2021\/08\/cropped-CascinaBringinLogo-1.png","contentUrl":"https:\/\/cascinabringin.it\/wp-content\/uploads\/2021\/08\/cropped-CascinaBringinLogo-1.png","width":242,"height":96,"caption":"Cascina Bringin"},"image":{"@id":"https:\/\/cascinabringin.it\/#\/schema\/logo\/image\/"}}]}},"_links":{"self":[{"href":"https:\/\/cascinabringin.it\/index.php\/wp-json\/wp\/v2\/pages\/742","targetHints":{"allow":["GET"]}}],"collection":[{"href":"https:\/\/cascinabringin.it\/index.php\/wp-json\/wp\/v2\/pages"}],"about":[{"href":"https:\/\/cascinabringin.it\/index.php\/wp-json\/wp\/v2\/types\/page"}],"author":[{"embeddable":true,"href":"https:\/\/cascinabringin.it\/index.php\/wp-json\/wp\/v2\/users\/3"}],"replies":[{"embeddable":true,"href":"https:\/\/cascinabringin.it\/index.php\/wp-json\/wp\/v2\/comments?post=742"}],"version-history":[{"count":8,"href":"https:\/\/cascinabringin.it\/index.php\/wp-json\/wp\/v2\/pages\/742\/revisions"}],"predecessor-version":[{"id":2106,"href":"https:\/\/cascinabringin.it\/index.php\/wp-json\/wp\/v2\/pages\/742\/revisions\/2106"}],"wp:attachment":[{"href":"https:\/\/cascinabringin.it\/index.php\/wp-json\/wp\/v2\/media?parent=742"}],"curies":[{"name":"wp","href":"https:\/\/api.w.org\/{rel}","templated":true}]}}